{"id":788,"date":"2025-08-18T01:07:47","date_gmt":"2025-08-18T01:07:47","guid":{"rendered":"https:\/\/irunning.co\/?post_type=product&#038;p=788"},"modified":"2025-11-05T22:47:49","modified_gmt":"2025-11-05T22:47:49","slug":"bull-2lbs","status":"publish","type":"product","link":"https:\/\/irunning.co\/?product=bull-2lbs","title":{"rendered":"Prote\u00edna en polvo Quicken Bull Bull para corredores 2 lbs, 908g"},"content":{"rendered":"<p>[et_pb_section fb_built=&#8221;1&#8243; _builder_version=&#8221;4.16&#8243; custom_padding=&#8221;0px||||false|false&#8221; global_colors_info=&#8221;{}&#8221;][et_pb_row _builder_version=&#8221;4.16&#8243; background_size=&#8221;initial&#8221; background_position=&#8221;top_left&#8221; background_repeat=&#8221;repeat&#8221; width=&#8221;100%&#8221; custom_padding=&#8221;0px||0px||false|false&#8221; global_colors_info=&#8221;{}&#8221;][et_pb_column type=&#8221;4_4&#8243; _builder_version=&#8221;4.16&#8243; custom_padding=&#8221;|||&#8221; global_colors_info=&#8221;{}&#8221; custom_padding__hover=&#8221;|||&#8221;][et_pb_wc_breadcrumb _builder_version=&#8221;4.16&#8243; global_colors_info=&#8221;{}&#8221;][\/et_pb_wc_breadcrumb][et_pb_wc_cart_notice _builder_version=&#8221;4.16&#8243; global_colors_info=&#8221;{}&#8221;][\/et_pb_wc_cart_notice][\/et_pb_column][\/et_pb_row][et_pb_row column_structure=&#8221;1_2,1_2&#8243; _builder_version=&#8221;4.16&#8243; background_size=&#8221;initial&#8221; background_position=&#8221;top_left&#8221; background_repeat=&#8221;repeat&#8221; width=&#8221;100%&#8221; custom_padding=&#8221;0px||||false|false&#8221; global_colors_info=&#8221;{}&#8221;][et_pb_column type=&#8221;1_2&#8243; _builder_version=&#8221;4.16&#8243; custom_padding=&#8221;|||&#8221; global_colors_info=&#8221;{}&#8221; custom_padding__hover=&#8221;|||&#8221;][et_pb_wc_images _builder_version=&#8221;4.16&#8243; global_colors_info=&#8221;{}&#8221;][\/et_pb_wc_images][\/et_pb_column][et_pb_column type=&#8221;1_2&#8243; _builder_version=&#8221;4.16&#8243; custom_padding=&#8221;|||&#8221; global_colors_info=&#8221;{}&#8221; custom_padding__hover=&#8221;|||&#8221;][et_pb_wc_title _builder_version=&#8221;4.16&#8243; global_colors_info=&#8221;{}&#8221;][\/et_pb_wc_title][et_pb_wc_rating _builder_version=&#8221;4.27.4&#8243; rating_text_color=&#8221;gcid-a270ceed-ed9e-4386-8115-9bf8eb170fac&#8221; body_text_color=&#8221;#101010&#8243; global_colors_info=&#8221;{%22gcid-a270ceed-ed9e-4386-8115-9bf8eb170fac%22:%91%22rating_text_color%22%93}&#8221; body_text_color__hover_enabled=&#8221;on|desktop&#8221; body_text_color__hover=&#8221;#101010&#8243;][\/et_pb_wc_rating][et_pb_wc_price _builder_version=&#8221;4.27.4&#8243; body_text_color=&#8221;#101010&#8243; sale_price_text_color=&#8221;#212529&#8243; animation_style=&#8221;zoom&#8221; global_colors_info=&#8221;{}&#8221;][\/et_pb_wc_price][et_pb_wc_description _builder_version=&#8221;4.27.4&#8243; body_text_color=&#8221;#101010&#8243; body_font_size=&#8221;16px&#8221; global_colors_info=&#8221;{}&#8221;][\/et_pb_wc_description][et_pb_wc_add_to_cart _builder_version=&#8221;4.27.4&#8243; dropdown_menus_text_color=&#8221;#101010&#8243; field_label_text_color=&#8221;#101010&#8243; custom_button=&#8221;on&#8221; button_text_size=&#8221;20px&#8221; button_text_color=&#8221;gcid-c3d5ac12-34be-45df-946d-c4b1f60aabee&#8221; button_bg_color=&#8221;#E88925&#8243; global_colors_info=&#8221;{%22gcid-c3d5ac12-34be-45df-946d-c4b1f60aabee%22:%91%22button_text_color%22%93}&#8221;][\/et_pb_wc_add_to_cart][et_pb_wc_meta _builder_version=&#8221;4.16&#8243; global_colors_info=&#8221;{}&#8221;][\/et_pb_wc_meta][\/et_pb_column][\/et_pb_row][et_pb_row _builder_version=&#8221;4.16&#8243; background_size=&#8221;initial&#8221; background_position=&#8221;top_left&#8221; background_repeat=&#8221;repeat&#8221; width=&#8221;100%&#8221; global_colors_info=&#8221;{}&#8221;][et_pb_column type=&#8221;4_4&#8243; _builder_version=&#8221;4.16&#8243; custom_padding=&#8221;|||&#8221; global_colors_info=&#8221;{}&#8221; custom_padding__hover=&#8221;|||&#8221;][et_pb_wc_tabs _builder_version=&#8221;4.16&#8243; global_colors_info=&#8221;{}&#8221;] [\/et_pb_wc_tabs][et_pb_wc_upsells _builder_version=&#8221;4.16&#8243; global_colors_info=&#8221;{}&#8221;][\/et_pb_wc_upsells][et_pb_wc_related_products _builder_version=&#8221;4.16&#8243; global_colors_info=&#8221;{}&#8221;][\/et_pb_wc_related_products][\/et_pb_column][\/et_pb_row][\/et_pb_section]<\/p>\n","protected":false},"excerpt":{"rendered":"<p>Prote\u00edna Whey Quicken Bull: 100% suero de leche concentrado. R\u00e1pida digesti\u00f3n, alto valor biol\u00f3gico. Ideal en recuperaci\u00f3n poscarrera y mejora de masa magra. Envase de 23 servicios.<\/p>\n","protected":false},"featured_media":307,"comment_status":"open","ping_status":"closed","template":"","meta":{"_et_pb_use_builder":"on","_et_pb_old_content":"<div class=\"relative flex basis-auto flex-col -mb-(--composer-overlap-px) [--composer-overlap-px:28px] grow overflow-hidden\">\r\n<div class=\"relative h-full\">\r\n<div class=\"flex h-full flex-col overflow-y-auto [scrollbar-gutter:stable_both-edges] @[84rem]\/thread:pt-(--header-height)\">\r\n<div class=\"@thread-xl\/thread:pt-header-height flex flex-col text-sm pb-25\"><article class=\"text-token-text-primary w-full focus:outline-none scroll-mt-[calc(var(--header-height)+min(200px,max(70px,20svh)))]\" dir=\"auto\" data-turn-id=\"request-68913810-0bf0-8325-9c1d-f92c32014826-13\" data-testid=\"conversation-turn-40\" data-scroll-anchor=\"false\" data-turn=\"assistant\">\r\n<div class=\"text-base my-auto mx-auto [--thread-content-margin:--spacing(4)] @[37rem]:[--thread-content-margin:--spacing(6)] @[72rem]:[--thread-content-margin:--spacing(16)] px-(--thread-content-margin)\">\r\n<div class=\"[--thread-content-max-width:32rem] @[34rem]:[--thread-content-max-width:40rem] @[64rem]:[--thread-content-max-width:48rem] mx-auto max-w-(--thread-content-max-width) flex-1 group\/turn-messages focus-visible:outline-hidden relative flex w-full min-w-0 flex-col agent-turn\">\r\n<div class=\"flex max-w-full flex-col grow\">\r\n<div class=\"min-h-8 text-message relative flex w-full flex-col items-end gap-2 text-start break-words whitespace-normal [.text-message+&amp;]:mt-5\" dir=\"auto\" data-message-author-role=\"assistant\" data-message-id=\"9eb26dec-667e-46ed-a64b-0a1c4c3b34fa\" data-message-model-slug=\"gpt-5\">\r\n<div class=\"flex w-full flex-col gap-1 empty:hidden first:pt-[3px]\">\r\n<div class=\"markdown prose dark:prose-invert w-full break-words dark markdown-new-styling\">\r\n<p data-start=\"147\" data-end=\"240\"><strong data-start=\"147\" data-end=\"240\">Quicken Bull \u2014 la prote\u00edna en polvo que los corredores de corta y larga distancia necesitan. Transforma tus entrenamientos y carreras en resultados reales.<\/strong><\/p>\r\n<p data-start=\"147\" data-end=\"240\">La f\u00f3rmula premium de <strong data-start=\"266\" data-end=\"299\">100% Prote\u00edna de suero de leche Concentrada<\/strong> te ofrece <strong data-start=\"310\" data-end=\"332\">r\u00e1pida asimilaci\u00f3n<\/strong>, <strong data-start=\"334\" data-end=\"358\">alto valor biol\u00f3gico<\/strong> y un perfil completo de amino\u00e1cidos esenciales, justo lo que tus m\u00fasculos necesitan para la reconstrucci\u00f3n y recuperaci\u00f3n r\u00e1pida zancada tras zancada. Cada porci\u00f3n contiene hasta <strong>29 g de prote\u00edna y 6,7 g de BCAA. <\/strong>Total<strong> 23 servicios <\/strong>por envase.<\/p>\r\n<strong>\u26a1\ufe0fAumenta tu energ\u00eda y resistencia un 37%<\/strong>\r\n\r\n<strong>\ud83d\udcaa Recuperaci\u00f3n muscular acelerada post-entreno<\/strong>\r\n\r\n<strong>\ud83e\uddea Baja cantidad de calor\u00edas. Cero az\u00facares a\u00f1adidos,\u00a0<\/strong>\r\n\r\n<strong>\ud83c\udf31 F\u00f3rmula limpia, 29g de prote\u00edna pura por scoop<\/strong>\r\n\r\n\ud83c\udfc3\u00a0<strong data-start=\"1563\" data-end=\"1589\">Rendimiento prolongado<\/strong>\r\n\r\n<strong data-start=\"1563\" data-end=\"1589\">\ud83c\udf2f Prote\u00edna Isolatada. Solamente 146 calor\u00edas por porci\u00f3n<\/strong>\r\n\r\n\ud83c\udf43\u00a0<strong data-start=\"1633\" data-end=\"1667\">Prote\u00edna ligera y sin hinchaz\u00f3n<\/strong>\r\n\r\n\u23f1\ufe0f\u00a0<strong data-start=\"1673\" data-end=\"1709\">Resultados visibles en 8 semanas<\/strong>\r\n\r\n\ud83e\udd64 <strong data-start=\"153\" data-end=\"173\">Envase herm\u00e9tico<\/strong>\r\n\r\n\u2728 <strong data-start=\"374\" data-end=\"419\">Foil interno (sello de aluminio\/pl\u00e1stico)<\/strong>\r\n\r\n<strong data-start=\"1673\" data-end=\"1709\">\ud83e\udd5b Apta para consumo diario<\/strong>\r\n<h4>RINDE MAS, RECUP\u00c9RATE MEJOR, CORRE MAS LEJOS, PREVIENE LESIONES.<\/h4>\r\n<p data-start=\"643\" data-end=\"884\">Ideal para todos los runners y entusiastas del fitness, <strong data-start=\"698\" data-end=\"714\">Quicken Bull<\/strong>\u2014con su delicioso sabor a vainilla gourmet y envase herm\u00e9tico con <strong data-start=\"374\" data-end=\"419\">Foil interno, <\/strong>asegura frescura, sabor y efectividad en cada batido.<\/p>\r\n<p data-start=\"643\" data-end=\"884\">Disponible en sabor <strong data-start=\"913\" data-end=\"933\">vainilla gourmet<\/strong>, su textura cremosa y f\u00e1cil preparaci\u00f3n: Solo mezcla una cuchara dosificadora (40 g) con agua, leche o jugo, agita y listo; tendr\u00e1s un batido cremoso y nutritivo en segundos \u2014ideal justo despu\u00e9s de entrenar largos kil\u00f3metros. T\u00f3malo justo despu\u00e9s del entrenamiento para maximizar la recuperaci\u00f3n muscular, acelerar la s\u00edntesis proteica y potenciar tu rendimiento.<\/p>\r\n\r\n<div class=\"et_pb_with_border et_pb_row et_pb_row_6 et_pb_equal_columns et_pb_gutters4\">\r\n<div class=\"et_pb_column et_pb_column_4_4 et_pb_column_13 et_pb_css_mix_blend_mode_passthrough et-last-child\">\r\n<div class=\"et_pb_module et_pb_text et_pb_text_5 et_pb_text_align_center et_pb_bg_layout_light\">\r\n<div class=\"et_pb_text_inner\">\r\n<h4>\u00bfPOR QU\u00c9 LOS CORREDORES ELIGEN QUICKEN?<\/h4>\r\n<\/div>\r\n<\/div>\r\n<\/div>\r\n<\/div>\r\n<div class=\"et_pb_row et_pb_row_7 et_pb_gutters2\">\r\n<div class=\"et_pb_column et_pb_column_2_5 et_pb_column_14 et_pb_css_mix_blend_mode_passthrough\">\r\n<div class=\"et_pb_module et_pb_text et_pb_text_6 et_pb_text_align_right et_pb_bg_layout_light et_multi_view__hover_selector\">\r\n<div class=\"et_pb_text_inner\" data-et-multi-view=\"{&quot;schema&quot;:{&quot;content&quot;:{&quot;desktop&quot;:&quot;&lt;p&gt;&lt;strong&gt;FORMULADO POR ESPECIALISTAS EN RUNNING&lt;\\\/strong&gt;&lt;\\\/p&gt;&quot;,&quot;tablet&quot;:&quot;&lt;p style=\\&quot;text-align: center;\\&quot;&gt;&lt;strong&gt;FORMULADO POR ESPECIALISTAS EN RUNNING&lt;\\\/strong&gt;&lt;\\\/p&gt;&quot;}},&quot;slug&quot;:&quot;et_pb_text&quot;}\" data-et-multi-view-load-tablet-hidden=\"true\">\r\n\r\n<strong>FORMULADO POR ESPECIALISTAS EN RUNNING<\/strong>\r\n\r\n<\/div>\r\n<\/div>\r\n<\/div>\r\n<div class=\"et_pb_column et_pb_column_3_5 et_pb_column_15 et_pb_css_mix_blend_mode_passthrough et-last-child\">\r\n<div class=\"et_pb_module et_pb_text et_pb_text_7 et_pb_text_align_left et_pb_bg_layout_light et_multi_view__hover_selector\">\r\n<div class=\"et_pb_text_inner\" data-et-multi-view=\"{&quot;schema&quot;:{&quot;content&quot;:{&quot;desktop&quot;:&quot;&lt;p&gt;&lt;span&gt;Ingredientes seleccionados por su eficacia demostrada para mejorar resistencia, recuperaci\\u00f3n y potencia en carrera&lt;\\\/span&gt;&lt;\\\/p&gt;&quot;,&quot;tablet&quot;:&quot;&lt;p style=\\&quot;text-align: center;\\&quot;&gt;&lt;span&gt;Ingredientes seleccionados por su eficacia demostrada para mejorar resistencia, recuperaci\\u00f3n y potencia en carrera&lt;\\\/span&gt;&lt;\\\/p&gt;&quot;,&quot;phone&quot;:&quot;&lt;p style=\\&quot;text-align: justify;\\&quot;&gt;&lt;span&gt;Ingredientes seleccionados por su eficacia demostrada para mejorar resistencia, recuperaci\\u00f3n y potencia en carrera&lt;\\\/span&gt;&lt;\\\/p&gt;&quot;}},&quot;slug&quot;:&quot;et_pb_text&quot;}\" data-et-multi-view-load-tablet-hidden=\"true\" data-et-multi-view-load-phone-hidden=\"true\">\r\n\r\nIngredientes seleccionados por su eficacia demostrada para mejorar resistencia, recuperaci\u00f3n y potencia en carrera\r\n\r\n<\/div>\r\n<\/div>\r\n<\/div>\r\n<\/div>\r\n<div class=\"et_pb_row et_pb_row_8 et_pb_gutters2\">\r\n<div class=\"et_pb_column et_pb_column_2_5 et_pb_column_16 et_pb_css_mix_blend_mode_passthrough\">\r\n<div class=\"et_pb_module et_pb_text et_pb_text_8 et_pb_text_align_right et_pb_bg_layout_light et_multi_view__hover_selector\">\r\n<div class=\"et_pb_text_inner\" data-et-multi-view=\"{&quot;schema&quot;:{&quot;content&quot;:{&quot;desktop&quot;:&quot;&lt;p&gt;&lt;strong&gt;INGREDIENTES PREMIUM, RESULTADOS COMPROBADOS&lt;\\\/strong&gt;&lt;\\\/p&gt;&quot;,&quot;tablet&quot;:&quot;&lt;p style=\\&quot;text-align: center;\\&quot;&gt;&lt;strong&gt;INGREDIENTES PREMIUM, RESULTADOS COMPROBADOS&lt;\\\/strong&gt;&lt;\\\/p&gt;&quot;}},&quot;slug&quot;:&quot;et_pb_text&quot;}\" data-et-multi-view-load-tablet-hidden=\"true\">\r\n\r\n<strong>INGREDIENTES PREMIUM, RESULTADOS COMPROBADOS<\/strong>\r\n\r\n<\/div>\r\n<\/div>\r\n<\/div>\r\n<div class=\"et_pb_column et_pb_column_3_5 et_pb_column_17 et_pb_css_mix_blend_mode_passthrough et-last-child\">\r\n<div class=\"et_pb_module et_pb_text et_pb_text_9 et_pb_text_align_left et_pb_bg_layout_light et_multi_view__hover_selector\">\r\n<div class=\"et_pb_text_inner\" data-et-multi-view=\"{&quot;schema&quot;:{&quot;content&quot;:{&quot;desktop&quot;:&quot;&lt;p&gt;No es nutrici\\u00f3n gen\\u00e9rica. Es ciencia aplicada espec\\u00edficamente a las demandas del corredor moderno.&lt;\\\/p&gt;&quot;,&quot;tablet&quot;:&quot;&lt;p style=\\&quot;text-align: center;\\&quot;&gt;No es nutrici\\u00f3n gen\\u00e9rica. Es ciencia aplicada espec\\u00edficamente a las demandas del corredor moderno.&lt;\\\/p&gt;&quot;,&quot;phone&quot;:&quot;&lt;p style=\\&quot;text-align: justify;\\&quot;&gt;No es nutrici\\u00f3n gen\\u00e9rica. Es ciencia aplicada espec\\u00edficamente a las demandas del corredor moderno.&lt;\\\/p&gt;&quot;}},&quot;slug&quot;:&quot;et_pb_text&quot;}\" data-et-multi-view-load-tablet-hidden=\"true\" data-et-multi-view-load-phone-hidden=\"true\">\r\n\r\nNo es nutrici\u00f3n gen\u00e9rica. Es ciencia aplicada espec\u00edficamente a las demandas del corredor moderno.\r\n\r\n<\/div>\r\n<\/div>\r\n<\/div>\r\n<\/div>\r\n<div class=\"et_pb_row et_pb_row_9 et_pb_gutters2\">\r\n<div class=\"et_pb_column et_pb_column_2_5 et_pb_column_18 et_pb_css_mix_blend_mode_passthrough\">\r\n<div class=\"et_pb_module et_pb_text et_pb_text_10 et_pb_text_align_right et_pb_bg_layout_light et_multi_view__hover_selector\">\r\n<div class=\"et_pb_text_inner\" data-et-multi-view=\"{&quot;schema&quot;:{&quot;content&quot;:{&quot;desktop&quot;:&quot;&lt;p&gt;&lt;strong&gt;TESTADO POR NUESTRA COMUNIDAD&lt;\\\/strong&gt;&lt;\\\/p&gt;&quot;,&quot;tablet&quot;:&quot;&lt;p style=\\&quot;text-align: center;\\&quot;&gt;&lt;strong&gt;TESTADO POR NUESTRA COMUNIDAD&lt;\\\/strong&gt;&lt;\\\/p&gt;&quot;}},&quot;slug&quot;:&quot;et_pb_text&quot;}\" data-et-multi-view-load-tablet-hidden=\"true\">\r\n\r\n<strong>TESTADO POR NUESTRA COMUNIDAD<\/strong>\r\n\r\n<\/div>\r\n<\/div>\r\n<\/div>\r\n<div class=\"et_pb_column et_pb_column_3_5 et_pb_column_19 et_pb_css_mix_blend_mode_passthrough et-last-child\">\r\n<div class=\"et_pb_module et_pb_text et_pb_text_11 et_pb_text_align_left et_pb_bg_layout_light et_multi_view__hover_selector\">\r\n<div class=\"et_pb_text_inner\" data-et-multi-view=\"{&quot;schema&quot;:{&quot;content&quot;:{&quot;desktop&quot;:&quot;&lt;p&gt;Productos perfeccionados con feedback de corredores reales de todas las edades y niveles.&lt;\\\/p&gt;&quot;,&quot;tablet&quot;:&quot;&lt;p style=\\&quot;text-align: center;\\&quot;&gt;Productos perfeccionados con feedback de corredores reales de todas las edades y niveles.&lt;\\\/p&gt;&quot;,&quot;phone&quot;:&quot;&lt;p style=\\&quot;text-align: justify;\\&quot;&gt;Productos perfeccionados con feedback de corredores reales de todas las edades y niveles.&lt;\\\/p&gt;&quot;}},&quot;slug&quot;:&quot;et_pb_text&quot;}\" data-et-multi-view-load-tablet-hidden=\"true\" data-et-multi-view-load-phone-hidden=\"true\">\r\n\r\nProductos perfeccionados con feedback de corredores reales de todas las edades y niveles.\r\n\r\n<\/div>\r\n<\/div>\r\n<\/div>\r\n<\/div>\r\n<div class=\"et_pb_row et_pb_row_10 et_pb_gutters2\">\r\n<div class=\"et_pb_column et_pb_column_2_5 et_pb_column_20 et_pb_css_mix_blend_mode_passthrough\">\r\n<div class=\"et_pb_module et_pb_text et_pb_text_12 et_pb_text_align_right et_pb_bg_layout_light et_multi_view__hover_selector\">\r\n<div class=\"et_pb_text_inner\" data-et-multi-view=\"{&quot;schema&quot;:{&quot;content&quot;:{&quot;desktop&quot;:&quot;&lt;p&gt;&lt;strong&gt;EXQUISITO SABOR Y ULTRAFACIL PREPARACI\\u00d3N&lt;\\\/strong&gt;&lt;\\\/p&gt;&quot;,&quot;tablet&quot;:&quot;&lt;p style=\\&quot;text-align: center;\\&quot;&gt;&lt;strong&gt;EXQUISITO SABOR Y ULTRAFACIL PREPARACI\\u00d3N&lt;\\\/strong&gt;&lt;\\\/p&gt;&quot;}},&quot;slug&quot;:&quot;et_pb_text&quot;}\" data-et-multi-view-load-tablet-hidden=\"true\">\r\n\r\n<strong>EXQUISITO SABOR Y ULTRAFACIL PREPARACI\u00d3N<\/strong>\r\n\r\n<\/div>\r\n<\/div>\r\n<\/div>\r\n<div class=\"et_pb_column et_pb_column_3_5 et_pb_column_21 et_pb_css_mix_blend_mode_passthrough et-last-child\">\r\n<div class=\"et_pb_module et_pb_text et_pb_text_13 et_pb_text_align_left et_pb_bg_layout_light et_multi_view__hover_selector\">\r\n<div class=\"et_pb_text_inner\" data-et-multi-view=\"{&quot;schema&quot;:{&quot;content&quot;:{&quot;desktop&quot;:&quot;&lt;p&gt;Alimento que combina perfectamente los sabores de tu estilo de vida con practicidad y efectividad.&lt;\\\/p&gt;&quot;,&quot;tablet&quot;:&quot;&lt;p style=\\&quot;text-align: center;\\&quot;&gt;Alimento que combina perfectamente los sabores de tu estilo de vida con practicidad y efectividad.&lt;\\\/p&gt;&quot;,&quot;phone&quot;:&quot;&lt;p style=\\&quot;text-align: justify;\\&quot;&gt;Alimento que combina perfectamente los sabores de tu estilo de vida con practicidad y efectividad.&lt;\\\/p&gt;&quot;}},&quot;slug&quot;:&quot;et_pb_text&quot;}\" data-et-multi-view-load-tablet-hidden=\"true\" data-et-multi-view-load-phone-hidden=\"true\">\r\n\r\nAlimento que combina perfectamente los sabores de tu estilo de vida con practicidad y efectividad.\r\n\r\n<\/div>\r\n<\/div>\r\n<\/div>\r\n<\/div>\r\n<div class=\"et_pb_row et_pb_row_11 et_pb_gutters2\">\r\n<div class=\"et_pb_column et_pb_column_2_5 et_pb_column_22 et_pb_css_mix_blend_mode_passthrough\">\r\n<div class=\"et_pb_module et_pb_text et_pb_text_14 et_pb_text_align_right et_pb_bg_layout_light et_multi_view__hover_selector\">\r\n<div class=\"et_pb_text_inner\" data-et-multi-view=\"{&quot;schema&quot;:{&quot;content&quot;:{&quot;desktop&quot;:&quot;&lt;p&gt;&lt;strong&gt;F\\u00d3RMULA ADECUADA PARA LAS FIBRAS MUSCULARES DE RUNNERS&lt;\\\/strong&gt;&lt;strong&gt;&lt;span&gt;&lt;\\\/span&gt;&lt;\\\/strong&gt;&lt;\\\/p&gt;&quot;,&quot;tablet&quot;:&quot;&lt;p style=\\&quot;text-align: center;\\&quot;&gt;&lt;strong&gt;F\\u00d3RMULA ADECUADA PARA LAS FIBRAS MUSCULARES DE RUNNERS&lt;\\\/strong&gt;&lt;strong&gt;&lt;span&gt;&lt;\\\/span&gt;&lt;\\\/strong&gt;&lt;\\\/p&gt;&quot;}},&quot;slug&quot;:&quot;et_pb_text&quot;}\" data-et-multi-view-load-tablet-hidden=\"true\">\r\n\r\n<strong>F\u00d3RMULA ADECUADA PARA LAS FIBRAS MUSCULARES DE RUNNERS<\/strong>\r\n\r\n<\/div>\r\n<\/div>\r\n<\/div>\r\n<div class=\"et_pb_column et_pb_column_3_5 et_pb_column_23 et_pb_css_mix_blend_mode_passthrough et-last-child\">\r\n<div class=\"et_pb_module et_pb_text et_pb_text_15 et_pb_text_align_left et_pb_bg_layout_light et_multi_view__hover_selector\">\r\n<div class=\"et_pb_text_inner\" data-et-multi-view=\"{&quot;schema&quot;:{&quot;content&quot;:{&quot;desktop&quot;:&quot;&lt;p&gt;No importa el ritmo de carrera, en cada paso tus m\\u00fasculos se exigen. En cada scoop de prote\\u00edna los nutrientes de mejora.&lt;\\\/p&gt;&quot;,&quot;tablet&quot;:&quot;&lt;p style=\\&quot;text-align: center;\\&quot;&gt;No importa el ritmo de carrera, en cada paso tus m\\u00fasculos se exigen. En cada scoop de prote\\u00edna los nutrientes de mejora.&lt;\\\/p&gt;&quot;,&quot;phone&quot;:&quot;&lt;p style=\\&quot;text-align: justify;\\&quot;&gt;No importa el ritmo de carrera, en cada paso tus m\\u00fasculos se exigen. En cada scoop de prote\\u00edna los nutrientes de mejora.&lt;\\\/p&gt;&quot;}},&quot;slug&quot;:&quot;et_pb_text&quot;}\" data-et-multi-view-load-tablet-hidden=\"true\" data-et-multi-view-load-phone-hidden=\"true\">\r\n\r\nNo importa el ritmo de carrera, en cada paso tus m\u00fasculos se exigen. En cada scoop de prote\u00edna los nutrientes de mejora.\r\n\r\n<\/div>\r\n<\/div>\r\n<\/div>\r\n<\/div>\r\n<p data-start=\"1185\" data-end=\"1210\">Con cada envase obtienes:<\/p>\r\n\r\n<ul data-start=\"1211\" data-end=\"1404\">\r\n \t<li data-start=\"1211\" data-end=\"1265\">\r\n<p data-start=\"1213\" data-end=\"1265\"><strong data-start=\"1213\" data-end=\"1262\">M\u00fasculos m\u00e1s fuertes y recuperaci\u00f3n acelerada<\/strong>,<\/p>\r\n<\/li>\r\n \t<li data-start=\"1266\" data-end=\"1326\">\r\n<p data-start=\"1268\" data-end=\"1326\"><strong data-start=\"1268\" data-end=\"1323\">Energ\u00eda sostenible para tus entrenamientos intensos<\/strong>,<\/p>\r\n<\/li>\r\n \t<li data-start=\"1327\" data-end=\"1404\">\r\n<p data-start=\"1329\" data-end=\"1404\"><strong data-start=\"1329\" data-end=\"1403\">Resultados visibles sin az\u00facares a\u00f1adidos ni ingredientes innecesarios<\/strong>.<\/p>\r\n<\/li>\r\n<\/ul>\r\n<p data-start=\"1407\" data-end=\"1580\">Para corredores que enfrentan carreras de media y larga distancia, <strong data-start=\"1221\" data-end=\"1237\">Quicken Bull<\/strong> ayuda a:<\/p>\r\n\r\n<ul>\r\n \t<li data-start=\"1407\" data-end=\"1580\">\u2705 Reponer fibras musculares desgastadas por el impacto sostenido,<\/li>\r\n \t<li data-start=\"1407\" data-end=\"1580\">\u2705 Mantener la energ\u00eda y avanzar sin decaer en los \u00faltimos kil\u00f3metros,<\/li>\r\n \t<li data-start=\"1407\" data-end=\"1580\">\u2705 Lograr tus mejores marcas sin sacrificar la recuperaci\u00f3n al d\u00eda siguiente.<\/li>\r\n \t<li data-start=\"1407\" data-end=\"1580\">\u2705 El envase herm\u00e9tico con foil interno asegura frescura, mientras su enfoque bajo en az\u00facares y grasas te mantiene ligero durante el recorrido.<\/li>\r\n<\/ul>\r\n<\/div>\r\n<\/div>\r\n<\/div>\r\n<\/div>\r\n<\/div>\r\n<\/div>\r\n<\/article><article class=\"text-token-text-primary w-full focus:outline-none scroll-mt-[calc(var(--header-height)+min(200px,max(70px,20svh)))]\" dir=\"auto\" data-turn-id=\"request-68913810-0bf0-8325-9c1d-f92c32014826-14\" data-testid=\"conversation-turn-42\" data-scroll-anchor=\"false\" data-turn=\"assistant\">\r\n<div class=\"text-base my-auto mx-auto [--thread-content-margin:--spacing(4)] @[37rem]:[--thread-content-margin:--spacing(6)] @[72rem]:[--thread-content-margin:--spacing(16)] px-(--thread-content-margin)\">\r\n<div class=\"[--thread-content-max-width:32rem] @[34rem]:[--thread-content-max-width:40rem] @[64rem]:[--thread-content-max-width:48rem] mx-auto max-w-(--thread-content-max-width) flex-1 group\/turn-messages focus-visible:outline-hidden relative flex w-full min-w-0 flex-col agent-turn\">\r\n<div class=\"flex max-w-full flex-col grow\">\r\n<div class=\"min-h-8 text-message relative flex w-full flex-col items-end gap-2 text-start break-words whitespace-normal [.text-message+&amp;]:mt-5\" dir=\"auto\" data-message-author-role=\"assistant\" data-message-id=\"82b53465-2f28-40e9-b719-96306d000734\" data-message-model-slug=\"gpt-5\">\r\n<div class=\"flex w-full flex-col gap-1 empty:hidden first:pt-[3px]\"><\/div>\r\n<\/div>\r\n<\/div>\r\n<\/div>\r\n<\/div>\r\n<\/article><\/div>\r\n<\/div>\r\n<\/div>\r\n<\/div>","_et_gb_content_width":""},"product_brand":[26],"product_cat":[25],"product_tag":[24,22,21,23],"class_list":{"0":"post-788","1":"product","2":"type-product","3":"status-publish","4":"has-post-thumbnail","6":"product_brand-quicken","7":"product_cat-proteina-en-polvo","8":"product_tag-23-servicios-por-envase","9":"product_tag-proteina-de-suero-de-leche-concentrada","10":"product_tag-proteina-en-polvo","11":"product_tag-proteina-whey","13":"first","14":"instock","15":"shipping-taxable","16":"purchasable","17":"product-type-simple"},"_links":{"self":[{"href":"https:\/\/irunning.co\/index.php?rest_route=\/wp\/v2\/product\/788","targetHints":{"allow":["GET"]}}],"collection":[{"href":"https:\/\/irunning.co\/index.php?rest_route=\/wp\/v2\/product"}],"about":[{"href":"https:\/\/irunning.co\/index.php?rest_route=\/wp\/v2\/types\/product"}],"replies":[{"embeddable":true,"href":"https:\/\/irunning.co\/index.php?rest_route=%2Fwp%2Fv2%2Fcomments&post=788"}],"wp:featuredmedia":[{"embeddable":true,"href":"https:\/\/irunning.co\/index.php?rest_route=\/wp\/v2\/media\/307"}],"wp:attachment":[{"href":"https:\/\/irunning.co\/index.php?rest_route=%2Fwp%2Fv2%2Fmedia&parent=788"}],"wp:term":[{"taxonomy":"product_brand","embeddable":true,"href":"https:\/\/irunning.co\/index.php?rest_route=%2Fwp%2Fv2%2Fproduct_brand&post=788"},{"taxonomy":"product_cat","embeddable":true,"href":"https:\/\/irunning.co\/index.php?rest_route=%2Fwp%2Fv2%2Fproduct_cat&post=788"},{"taxonomy":"product_tag","embeddable":true,"href":"https:\/\/irunning.co\/index.php?rest_route=%2Fwp%2Fv2%2Fproduct_tag&post=788"}],"curies":[{"name":"wp","href":"https:\/\/api.w.org\/{rel}","templated":true}]}}